{"id":299,"date":"2024-10-28T15:05:47","date_gmt":"2024-10-28T15:05:47","guid":{"rendered":"https:\/\/enevkit.de\/?page_id=299"},"modified":"2025-01-10T12:04:23","modified_gmt":"2025-01-10T12:04:23","slug":"esg-kriterien","status":"publish","type":"page","link":"https:\/\/enevkit.de\/en\/esg-kriterien\/","title":{"rendered":"ESG-criteria"},"content":{"rendered":"<div data-elementor-type=\"wp-page\" data-elementor-id=\"299\" class=\"elementor elementor-299\" data-elementor-post-type=\"page\">\n\t\t\t\t<div class=\"elementor-element elementor-element-77cdb2f4 e-flex e-con-boxed e-con e-parent\" data-id=\"77cdb2f4\" data-element_type=\"container\" data-e-type=\"container\" data-settings=\"{&quot;background_background&quot;:&quot;classic&quot;}\">\n\t\t\t\t\t<div class=\"e-con-inner\">\n\t\t\t\t<div class=\"elementor-element elementor-element-3030d29a elementor-widget elementor-widget-heading\" data-id=\"3030d29a\" data-element_type=\"widget\" data-e-type=\"widget\" data-widget_type=\"heading.default\">\n\t\t\t\t<div class=\"elementor-widget-container\">\n\t\t\t\t\t<h4 class=\"elementor-heading-title elementor-size-default\">Socially Responsible Corporate Management\n<\/h4>\t\t\t\t<\/div>\n\t\t\t\t<\/div>\n\t\t\t\t<div class=\"elementor-element elementor-element-2d94d670 elementor-widget-mobile__width-inherit elementor-widget elementor-widget-heading\" data-id=\"2d94d670\" data-element_type=\"widget\" data-e-type=\"widget\" data-widget_type=\"heading.default\">\n\t\t\t\t<div class=\"elementor-widget-container\">\n\t\t\t\t\t<h1 class=\"elementor-heading-title elementor-size-default\">ESG-criteria<\/h1>\t\t\t\t<\/div>\n\t\t\t\t<\/div>\n\t\t\t\t\t<\/div>\n\t\t\t\t<\/div>\n\t\t<div class=\"elementor-element elementor-element-8575ee0 e-flex e-con-boxed e-con e-parent\" data-id=\"8575ee0\" data-element_type=\"container\" data-e-type=\"container\">\n\t\t\t\t\t<div class=\"e-con-inner\">\n\t\t<div class=\"elementor-element elementor-element-184039a e-con-full e-flex e-con e-child\" data-id=\"184039a\" data-element_type=\"container\" data-e-type=\"container\">\n\t\t\t\t<div class=\"elementor-element elementor-element-7951056 elementor-widget elementor-widget-heading\" data-id=\"7951056\" data-element_type=\"widget\" data-e-type=\"widget\" data-widget_type=\"heading.default\">\n\t\t\t\t<div class=\"elementor-widget-container\">\n\t\t\t\t\t<h4 class=\"elementor-heading-title elementor-size-default\">For a Better Future<\/h4>\t\t\t\t<\/div>\n\t\t\t\t<\/div>\n\t\t\t\t<div class=\"elementor-element elementor-element-189d496 elementor-widget elementor-widget-heading\" data-id=\"189d496\" data-element_type=\"widget\" data-e-type=\"widget\" data-widget_type=\"heading.default\">\n\t\t\t\t<div class=\"elementor-widget-container\">\n\t\t\t\t\t<h2 class=\"elementor-heading-title elementor-size-default\">ESG-criteria<\/h2>\t\t\t\t<\/div>\n\t\t\t\t<\/div>\n\t\t\t\t<div class=\"elementor-element elementor-element-86b62dc elementor-widget elementor-widget-text-editor\" data-id=\"86b62dc\" data-element_type=\"widget\" data-e-type=\"widget\" data-widget_type=\"text-editor.default\">\n\t\t\t\t<div class=\"elementor-widget-container\">\n\t\t\t\t\t\t\t\t\t<p><strong>ESG stands for Environment, Social, and Governance. ESG criteria serve as both a guide to steer companies toward sustainability and a benchmark to compare sustainability practices between businesses.<\/strong><\/p><p>These three criteria ensure that companies operate sustainably and can be held accountable for their actions, which is in the best interest of shareholders and potential investors.<\/p>\t\t\t\t\t\t\t\t<\/div>\n\t\t\t\t<\/div>\n\t\t\t\t<\/div>\n\t\t<div class=\"elementor-element elementor-element-d3d6509 e-con-full e-flex e-con e-child\" data-id=\"d3d6509\" data-element_type=\"container\" data-e-type=\"container\" data-settings=\"{&quot;background_background&quot;:&quot;classic&quot;}\">\n\t\t\t\t<\/div>\n\t\t\t\t\t<\/div>\n\t\t\t\t<\/div>\n\t\t<div class=\"elementor-element elementor-element-6689c3b e-flex e-con-boxed e-con e-parent\" data-id=\"6689c3b\" data-element_type=\"container\" data-e-type=\"container\" data-settings=\"{&quot;background_background&quot;:&quot;classic&quot;}\">\n\t\t\t\t\t<div class=\"e-con-inner\">\n\t\t<div class=\"elementor-element elementor-element-9ca44b2 e-con-full e-flex e-con e-child\" data-id=\"9ca44b2\" data-element_type=\"container\" data-e-type=\"container\" data-settings=\"{&quot;background_background&quot;:&quot;classic&quot;}\">\n\t\t\t\t<\/div>\n\t\t<div class=\"elementor-element elementor-element-2dc594f e-con-full e-flex e-con e-child\" data-id=\"2dc594f\" data-element_type=\"container\" data-e-type=\"container\">\n\t\t\t\t<div class=\"elementor-element elementor-element-78464c2 elementor-widget elementor-widget-heading\" data-id=\"78464c2\" data-element_type=\"widget\" data-e-type=\"widget\" data-widget_type=\"heading.default\">\n\t\t\t\t<div class=\"elementor-widget-container\">\n\t\t\t\t\t<h2 class=\"elementor-heading-title elementor-size-default\">Environment<\/h2>\t\t\t\t<\/div>\n\t\t\t\t<\/div>\n\t\t\t\t<div class=\"elementor-element elementor-element-763cde9 elementor-widget elementor-widget-text-editor\" data-id=\"763cde9\" data-element_type=\"widget\" data-e-type=\"widget\" data-widget_type=\"text-editor.default\">\n\t\t\t\t<div class=\"elementor-widget-container\">\n\t\t\t\t\t\t\t\t\t<p>The environmental criterion focuses on the environmental impact of companies as well as their contribution to environmental protection. It covers areas such as resource management, greenhouse gas emissions (GHG), and energy efficiency.<\/p><p>By installing an enev-kit, you can quickly and efficiently reduce your building\u2019s CO\u2082 emissions due to heating energy savings. This can amount to up to 111 tons of CO\u2082 per year per installed enev-kit, along with savings of up to \u20ac49,000 annually on heating energy costs.<\/p><h6>(*Example: Shaft height of 120 m, 30 stops, open shaft with 3 elevator systems.)<\/h6>\t\t\t\t\t\t\t\t<\/div>\n\t\t\t\t<\/div>\n\t\t\t\t<div class=\"elementor-element elementor-element-eac5785 elementor-widget elementor-widget-button\" data-id=\"eac5785\" data-element_type=\"widget\" data-e-type=\"widget\" data-widget_type=\"button.default\">\n\t\t\t\t<div class=\"elementor-widget-container\">\n\t\t\t\t\t\t\t\t\t<div class=\"elementor-button-wrapper\">\n\t\t\t\t\t<a class=\"elementor-button elementor-button-link elementor-size-sm\" href=\"https:\/\/enevkit.de\/en\/vorteile-des-enev-kit\/\">\n\t\t\t\t\t\t<span class=\"elementor-button-content-wrapper\">\n\t\t\t\t\t\t<span class=\"elementor-button-icon\">\n\t\t\t\t<svg xmlns=\"http:\/\/www.w3.org\/2000\/svg\" viewbox=\"0 0 24 24\"><title>Artboard-9<\/title><g id=\"Right-3\" data-name=\"Right\"><path d=\"M21.707,11.293l-7-7A1,1,0,0,0,13,5V8H3A1,1,0,0,0,2,9v6a1,1,0,0,0,1,1H13v3a1,1,0,0,0,1.707.707l7-7A1,1,0,0,0,21.707,11.293Z\" fill=\"currentColor\"><\/path><\/g><\/svg>\t\t\t<\/span>\n\t\t\t\t\t\t\t\t\t<span class=\"elementor-button-text\">Discover all the benefits<\/span>\n\t\t\t\t\t<\/span>\n\t\t\t\t\t<\/a>\n\t\t\t\t<\/div>\n\t\t\t\t\t\t\t\t<\/div>\n\t\t\t\t<\/div>\n\t\t\t\t<\/div>\n\t\t\t\t\t<\/div>\n\t\t\t\t<\/div>\n\t\t<div class=\"elementor-element elementor-element-8fcb9d8 e-flex e-con-boxed e-con e-parent\" data-id=\"8fcb9d8\" data-element_type=\"container\" data-e-type=\"container\">\n\t\t\t\t\t<div class=\"e-con-inner\">\n\t\t<div class=\"elementor-element elementor-element-37dacf6 e-con-full e-flex e-con e-child\" data-id=\"37dacf6\" data-element_type=\"container\" data-e-type=\"container\">\n\t\t\t\t<div class=\"elementor-element elementor-element-0ce47db elementor-widget elementor-widget-heading\" data-id=\"0ce47db\" data-element_type=\"widget\" data-e-type=\"widget\" data-widget_type=\"heading.default\">\n\t\t\t\t<div class=\"elementor-widget-container\">\n\t\t\t\t\t<h2 class=\"elementor-heading-title elementor-size-default\">Social<\/h2>\t\t\t\t<\/div>\n\t\t\t\t<\/div>\n\t\t\t\t<div class=\"elementor-element elementor-element-045631d elementor-widget elementor-widget-text-editor\" data-id=\"045631d\" data-element_type=\"widget\" data-e-type=\"widget\" data-widget_type=\"text-editor.default\">\n\t\t\t\t<div class=\"elementor-widget-container\">\n\t\t\t\t\t\t\t\t\t<p>The social criterion evaluates how a company interacts with its employees, suppliers, customers, and the public with respect to aspects such as diversity, equal treatment and inclusion, working conditions, data protection, and more.<\/p><p>The enev-kit detects not only CO\u2082 but also temperature and humidity. As a result, installing the enev-kit improves air quality not only in the elevator shaft but throughout the entire building. This leads to better working conditions and also provides greater safety in the event of an evacuation.<\/p>\t\t\t\t\t\t\t\t<\/div>\n\t\t\t\t<\/div>\n\t\t\t\t<\/div>\n\t\t<div class=\"elementor-element elementor-element-6008e2d e-con-full e-flex e-con e-child\" data-id=\"6008e2d\" data-element_type=\"container\" data-e-type=\"container\" data-settings=\"{&quot;background_background&quot;:&quot;classic&quot;}\">\n\t\t\t\t<\/div>\n\t\t\t\t\t<\/div>\n\t\t\t\t<\/div>\n\t\t<div class=\"elementor-element elementor-element-531f88f e-flex e-con-boxed e-con e-parent\" data-id=\"531f88f\" data-element_type=\"container\" data-e-type=\"container\" data-settings=\"{&quot;background_background&quot;:&quot;classic&quot;}\">\n\t\t\t\t\t<div class=\"e-con-inner\">\n\t\t<div class=\"elementor-element elementor-element-3b70602 e-con-full e-flex e-con e-child\" data-id=\"3b70602\" data-element_type=\"container\" data-e-type=\"container\" data-settings=\"{&quot;background_background&quot;:&quot;classic&quot;}\">\n\t\t\t\t<\/div>\n\t\t<div class=\"elementor-element elementor-element-54c3187 e-con-full e-flex e-con e-child\" data-id=\"54c3187\" data-element_type=\"container\" data-e-type=\"container\">\n\t\t\t\t<div class=\"elementor-element elementor-element-4188a45 elementor-widget elementor-widget-heading\" data-id=\"4188a45\" data-element_type=\"widget\" data-e-type=\"widget\" data-widget_type=\"heading.default\">\n\t\t\t\t<div class=\"elementor-widget-container\">\n\t\t\t\t\t<h2 class=\"elementor-heading-title elementor-size-default\">Governance<\/h2>\t\t\t\t<\/div>\n\t\t\t\t<\/div>\n\t\t\t\t<div class=\"elementor-element elementor-element-a758296 elementor-widget elementor-widget-text-editor\" data-id=\"a758296\" data-element_type=\"widget\" data-e-type=\"widget\" data-widget_type=\"text-editor.default\">\n\t\t\t\t<div class=\"elementor-widget-container\">\n\t\t\t\t\t\t\t\t\t<p>The governance criterion focuses on aspects of corporate leadership such as ethical principles, integrity, transparency, board composition, independent auditing, and regulatory compliance. By choosing to install an enev-kit, you are simultaneously committing to a sustainable business relationship with the enev-kit manufacturer, who values governance criteria and a sustainable future just as much as you do.<\/p>\t\t\t\t\t\t\t\t<\/div>\n\t\t\t\t<\/div>\n\t\t\t\t<\/div>\n\t\t\t\t\t<\/div>\n\t\t\t\t<\/div>\n\t\t<div class=\"elementor-element elementor-element-2811db0 e-flex e-con-boxed e-con e-parent\" data-id=\"2811db0\" data-element_type=\"container\" data-e-type=\"container\">\n\t\t\t\t\t<div class=\"e-con-inner\">\n\t\t<div class=\"elementor-element elementor-element-118ab1f e-con-full e-flex e-con e-child\" data-id=\"118ab1f\" data-element_type=\"container\" data-e-type=\"container\">\n\t\t\t\t<div class=\"elementor-element elementor-element-5a6a6ac elementor-widget elementor-widget-heading\" data-id=\"5a6a6ac\" data-element_type=\"widget\" data-e-type=\"widget\" data-widget_type=\"heading.default\">\n\t\t\t\t<div class=\"elementor-widget-container\">\n\t\t\t\t\t<h4 class=\"elementor-heading-title elementor-size-default\">We are happy to visit you<\/h4>\t\t\t\t<\/div>\n\t\t\t\t<\/div>\n\t\t\t\t<div class=\"elementor-element elementor-element-147478b elementor-widget elementor-widget-heading\" data-id=\"147478b\" data-element_type=\"widget\" data-e-type=\"widget\" data-widget_type=\"heading.default\">\n\t\t\t\t<div class=\"elementor-widget-container\">\n\t\t\t\t\t<h2 class=\"elementor-heading-title elementor-size-default\">From Consultation to Implementation<\/h2>\t\t\t\t<\/div>\n\t\t\t\t<\/div>\n\t\t\t\t<div class=\"elementor-element elementor-element-696c3c4 elementor-widget elementor-widget-text-editor\" data-id=\"696c3c4\" data-element_type=\"widget\" data-e-type=\"widget\" data-widget_type=\"text-editor.default\">\n\t\t\t\t<div class=\"elementor-widget-container\">\n\t\t\t\t\t\t\t\t\t<p>We will gladly advise you on how installing the enev-kit can quickly and easily improve your ESG rating.<\/p><p>Following the consultation, you will receive a personalized offer tailored to your building and elevator shaft as quickly as possible.<\/p><p><span style=\"text-decoration: underline;\"><span style=\"color: #228c23;\"><strong><a style=\"color: #228c23; text-decoration: underline;\" href=\"https:\/\/enevkit.de\/en\/kontakt\/\">Contact us!<\/a><\/strong><\/span><\/span><\/p>\t\t\t\t\t\t\t\t<\/div>\n\t\t\t\t<\/div>\n\t\t\t\t<\/div>\n\t\t<div class=\"elementor-element elementor-element-d2caeb5 e-con-full e-flex e-con e-child\" data-id=\"d2caeb5\" data-element_type=\"container\" data-e-type=\"container\" data-settings=\"{&quot;background_background&quot;:&quot;classic&quot;}\">\n\t\t\t\t<div class=\"elementor-element elementor-element-6a7bee8 elementor-widget elementor-widget-image\" data-id=\"6a7bee8\" data-element_type=\"widget\" data-e-type=\"widget\" data-widget_type=\"image.default\">\n\t\t\t\t<div class=\"elementor-widget-container\">\n\t\t\t\t\t\t\t\t\t\t\t\t\t\t\t<img fetchpriority=\"high\" decoding=\"async\" width=\"1024\" height=\"801\" src=\"https:\/\/enevkit.de\/wp-content\/uploads\/2024\/10\/Beratung-Realisierung-enev-kit-1024x801.jpg\" class=\"attachment-large size-large wp-image-544\" alt=\"\" srcset=\"https:\/\/enevkit.de\/wp-content\/uploads\/2024\/10\/Beratung-Realisierung-enev-kit-1024x801.jpg 1024w, https:\/\/enevkit.de\/wp-content\/uploads\/2024\/10\/Beratung-Realisierung-enev-kit-300x235.jpg 300w, https:\/\/enevkit.de\/wp-content\/uploads\/2024\/10\/Beratung-Realisierung-enev-kit-768x601.jpg 768w, https:\/\/enevkit.de\/wp-content\/uploads\/2024\/10\/Beratung-Realisierung-enev-kit.jpg 1120w\" sizes=\"(max-width: 1024px) 100vw, 1024px\">\t\t\t\t\t\t\t\t\t\t\t\t\t\t\t<\/div>\n\t\t\t\t<\/div>\n\t\t\t\t<\/div>\n\t\t\t\t\t<\/div>\n\t\t\t\t<\/div>\n\t\t\t\t<\/div>","protected":false},"excerpt":{"rendered":"<p>Sozial verantwortliche Unternehmensf\u00fchrung ESG-Kriterien F\u00fcr eine bessere Zukunft ESG-Kriterien ESG ist ein Akronym f\u00fcr Environment, Social und Governance. ESG-Kriterien sind einerseits Wegweiser, Unternehmen in Richtung Nachhaltigkeit zu lenken, andererseits dienen sie zum Vergleich von Nachhaltigkeit zwischen Unternehmen. Diese drei Kriterien sollen sicherstellen, dass Firmen nachhaltig agieren und f\u00fcr ihr Handeln zur Rechenschaft gezogen werden k\u00f6nnen, [&hellip;]<\/p>\n","protected":false},"author":1,"featured_media":0,"parent":0,"menu_order":6,"comment_status":"closed","ping_status":"closed","template":"","meta":{"_acf_changed":false,"iawp_total_views":504,"footnotes":""},"class_list":["post-299","page","type-page","status-publish","hentry"],"acf":[],"_links":{"self":[{"href":"https:\/\/enevkit.de\/en\/wp-json\/wp\/v2\/pages\/299","targetHints":{"allow":["GET"]}}],"collection":[{"href":"https:\/\/enevkit.de\/en\/wp-json\/wp\/v2\/pages"}],"about":[{"href":"https:\/\/enevkit.de\/en\/wp-json\/wp\/v2\/types\/page"}],"author":[{"embeddable":true,"href":"https:\/\/enevkit.de\/en\/wp-json\/wp\/v2\/users\/1"}],"replies":[{"embeddable":true,"href":"https:\/\/enevkit.de\/en\/wp-json\/wp\/v2\/comments?post=299"}],"version-history":[{"count":0,"href":"https:\/\/enevkit.de\/en\/wp-json\/wp\/v2\/pages\/299\/revisions"}],"wp:attachment":[{"href":"https:\/\/enevkit.de\/en\/wp-json\/wp\/v2\/media?parent=299"}],"curies":[{"name":"wp","href":"https:\/\/api.w.org\/{rel}","templated":true}]}}