{"id":320,"date":"2024-10-28T15:09:15","date_gmt":"2024-10-28T15:09:15","guid":{"rendered":"https:\/\/enevkit.de\/?page_id=320"},"modified":"2026-04-24T15:41:11","modified_gmt":"2026-04-24T15:41:11","slug":"impressum","status":"publish","type":"page","link":"https:\/\/enevkit.de\/en\/impressum\/","title":{"rendered":"Legal notice"},"content":{"rendered":"<div data-elementor-type=\"wp-page\" data-elementor-id=\"320\" class=\"elementor elementor-320\" data-elementor-post-type=\"page\">\n\t\t\t\t<div class=\"elementor-element elementor-element-75cae6f6 e-flex e-con-boxed e-con e-parent\" data-id=\"75cae6f6\" data-element_type=\"container\" data-e-type=\"container\" data-settings=\"{&quot;background_background&quot;:&quot;classic&quot;}\">\n\t\t\t\t\t<div class=\"e-con-inner\">\n\t\t\t\t<div class=\"elementor-element elementor-element-3d1e8e57 elementor-widget-mobile__width-inherit elementor-widget elementor-widget-heading\" data-id=\"3d1e8e57\" data-element_type=\"widget\" data-e-type=\"widget\" data-widget_type=\"heading.default\">\n\t\t\t\t<div class=\"elementor-widget-container\">\n\t\t\t\t\t<h1 class=\"elementor-heading-title elementor-size-default\">Legal notice<\/h1>\t\t\t\t<\/div>\n\t\t\t\t<\/div>\n\t\t\t\t\t<\/div>\n\t\t\t\t<\/div>\n\t\t<div class=\"elementor-element elementor-element-1179767 e-flex e-con-boxed e-con e-parent\" data-id=\"1179767\" data-element_type=\"container\" data-e-type=\"container\">\n\t\t\t\t\t<div class=\"e-con-inner\">\n\t\t\t\t<div class=\"elementor-element elementor-element-385d703 elementor-widget elementor-widget-text-editor\" data-id=\"385d703\" data-element_type=\"widget\" data-e-type=\"widget\" data-widget_type=\"text-editor.default\">\n\t\t\t\t<div class=\"elementor-widget-container\">\n\t\t\t\t\t\t\t\t\t<p class=\"fusion-responsive-typography-calculated\" data-fontsize=\"24\" data-lineheight=\"24px\"><strong>Angaben gem\u00e4\u00df \u00a7 5 TMG<\/strong><\/p><p>Aleatec GmbH<br \/>Buschkoppel 1<br \/>21493 Schwarzenbek<\/p><p>Handelsregister: HRB 9168 HL<br \/>Registergericht: Amtsgericht L\u00fcbeck<\/p><p><strong>Vertreten durch:<\/strong><br \/>Kay Nelh\u00fcbel, Matthias Schernikau<\/p><p class=\"fusion-responsive-typography-calculated\" data-fontsize=\"24\" data-lineheight=\"24px\"><strong>Contact<\/strong><\/p><p>Telefon: 04151 8329360<br \/>E-Mail: info@aleatec.de<\/p><p class=\"fusion-responsive-typography-calculated\" data-fontsize=\"24\" data-lineheight=\"24px\"><strong>Umsatzsteuer-ID<\/strong><\/p><p>Umsatzsteuer-Identifikationsnummer gem\u00e4\u00df \u00a727 a Umsatzsteuergesetz:<br \/>DE265351948<\/p><p class=\"fusion-responsive-typography-calculated\" data-fontsize=\"24\" data-lineheight=\"24px\"><strong>Angaben zur Berufshaftpflichtversicherung<\/strong><\/p><p><strong>Name und Sitz des Versicherers:<\/strong><br \/>Allianz Versicherungs AG<br \/>10900 Berlin<\/p><p><strong>Geltungsraum der Versicherung:<\/strong><br \/>Germany<\/p><p class=\"fusion-responsive-typography-calculated\" data-fontsize=\"24\" data-lineheight=\"24px\"><strong>Streitschlichtung<\/strong><\/p><p>Die Europ\u00e4ische Kommission stellt eine Plattform zur Online-Streitbeilegung (OS) bereit:<span style=\"text-decoration: underline;\"><span style=\"color: #238b22;\"><br \/><a style=\"color: #238b22; text-decoration: underline;\" href=\"https:\/\/ec.europa.eu\/consumers\/odr\" target=\"_blank\" rel=\"noopener noreferrer\">https:\/\/ec.europa.eu\/consumers\/odr<\/a><\/span><\/span>.<\/p><p>Unsere E-Mail-Adresse finden Sie oben im Impressum.<\/p><p>Wir sind nicht bereit oder verpflichtet, an Streitbeilegungsverfahren vor einer Verbraucherschlichtungsstelle teilzunehmen.<\/p><p><strong>Haftungsausschluss enev-kit<\/strong><\/p><p>Dieser Haftungsausschluss bezieht sich auf die Nutzung der enev-kit-Website, unserer Dienstleistungen und aller damit verbundenen Informationen. Durch den Besuch unserer Website und die Nutzung unserer Informationen stimmen Sie den folgenden Bestimmungen und Bedingungen zu.<\/p><p><strong>Informationsbereitstellung<\/strong><\/p><p>enev-kit bem\u00fcht sich, genaue und aktuelle Informationen in Bezug auf unsere Rauch- und L\u00fcftungssysteme f\u00fcr Aufzugssch\u00e4chte bereitzustellen. Wir geben unser Bestes, um die bereitgestellten Informationen so relevant und n\u00fctzlich wie m\u00f6glich zu gestalten. Dennoch k\u00f6nnen wir keine Garantien hinsichtlich der Richtigkeit, Vollst\u00e4ndigkeit oder Eignung der bereitgestellten Informationen geben. Die Nutzung der bereitgestellten Informationen erfolgt auf eigenes Risiko.<\/p><p><strong>Haftung<\/strong><\/p><p>enev-kit \u00fcbernimmt keine Haftung f\u00fcr jegliche Sch\u00e4den, Verluste oder Verletzungen, die sich aus der Nutzung unserer Website, Informationen oder Dienstleistungen ergeben. Dies umfasst, ist aber nicht beschr\u00e4nkt auf, indirekte, zuf\u00e4llige, spezielle oder Folgesch\u00e4den. Die Informationen auf unserer Website und die Kommunikation mit unseren Vertretern dienen zur Kl\u00e4rung und als Einladung an potenzielle Kunden, sich f\u00fcr detaillierte Informationen und Transaktionen mit uns in Verbindung zu setzen.<\/p><p><strong>Externe Links<\/strong><\/p><p>Unsere Website kann Links zu externen Websites enthalten. Diese Links dienen ausschlie\u00dflich der Bereitstellung zus\u00e4tzlicher Informationen. enev-kit ist nicht verantwortlich f\u00fcr den Inhalt oder die Praktiken dieser externen Websites.<\/p><p><strong>\u00c4nderungen und Aktualisierungen<\/strong><\/p><p>Wir behalten uns das Recht vor, den Inhalt unserer Website, Informationen und Dienstleistungen jederzeit ohne vorherige Ank\u00fcndigung zu \u00e4ndern oder zu aktualisieren.<\/p><p><strong>Urheberrecht<\/strong><\/p><p>Die Nutzung der Informationen auf dieser Website ist kostenlos, solange Sie diese Informationen nicht kopieren, verbreiten oder auf andere Weise nutzen oder missbrauchen. Sie d\u00fcrfen die Informationen auf dieser Website nur gem\u00e4\u00df den Vorschriften des zwingenden Rechts wiederverwenden.<\/p><p>Ohne ausdr\u00fcckliche schriftliche Genehmigung von Aleatec GmbH ist es nicht gestattet, Text, Bildmaterial oder andere Materialien auf dieser Website wiederzuverwenden. Das Urheberrecht liegt bei Aleatec GmbH.<\/p>\t\t\t\t\t\t\t\t<\/div>\n\t\t\t\t<\/div>\n\t\t\t\t\t<\/div>\n\t\t\t\t<\/div>\n\t\t\t\t<\/div>","protected":false},"excerpt":{"rendered":"<p>Impressum Angaben gem\u00e4\u00df \u00a7 5 TMG Aleatec GmbHBuschkoppel 121493 Schwarzenbek Handelsregister: HRB 9168 HLRegistergericht: Amtsgericht L\u00fcbeck Vertreten durch:Kay Nelh\u00fcbel, Matthias Schernikau Kontakt Telefon: 04151 8329360E-Mail: info@aleatec.de Umsatzsteuer-ID Umsatzsteuer-Identifikationsnummer gem\u00e4\u00df \u00a727 a Umsatzsteuergesetz:DE265351948 Angaben zur Berufshaftpflichtversicherung Name und Sitz des Versicherers:Allianz Versicherungs AG10900 Berlin Geltungsraum der Versicherung:Deutschland Streitschlichtung Die Europ\u00e4ische Kommission stellt eine Plattform zur Online-Streitbeilegung [&hellip;]<\/p>\n","protected":false},"author":1,"featured_media":0,"parent":0,"menu_order":15,"comment_status":"closed","ping_status":"closed","template":"","meta":{"_acf_changed":false,"iawp_total_views":755,"footnotes":""},"class_list":["post-320","page","type-page","status-publish","hentry"],"acf":[],"_links":{"self":[{"href":"https:\/\/enevkit.de\/en\/wp-json\/wp\/v2\/pages\/320","targetHints":{"allow":["GET"]}}],"collection":[{"href":"https:\/\/enevkit.de\/en\/wp-json\/wp\/v2\/pages"}],"about":[{"href":"https:\/\/enevkit.de\/en\/wp-json\/wp\/v2\/types\/page"}],"author":[{"embeddable":true,"href":"https:\/\/enevkit.de\/en\/wp-json\/wp\/v2\/users\/1"}],"replies":[{"embeddable":true,"href":"https:\/\/enevkit.de\/en\/wp-json\/wp\/v2\/comments?post=320"}],"version-history":[{"count":5,"href":"https:\/\/enevkit.de\/en\/wp-json\/wp\/v2\/pages\/320\/revisions"}],"predecessor-version":[{"id":2541,"href":"https:\/\/enevkit.de\/en\/wp-json\/wp\/v2\/pages\/320\/revisions\/2541"}],"wp:attachment":[{"href":"https:\/\/enevkit.de\/en\/wp-json\/wp\/v2\/media?parent=320"}],"curies":[{"name":"wp","href":"https:\/\/api.w.org\/{rel}","templated":true}]}}